{"id":20,"date":"2024-03-14T15:47:20","date_gmt":"2024-03-14T14:47:20","guid":{"rendered":"https:\/\/www.solidr.fr\/?page_id=20"},"modified":"2025-08-07T10:38:11","modified_gmt":"2025-08-07T08:38:11","slug":"les-avantages","status":"publish","type":"page","link":"https:\/\/www.solidr.fr\/index.php\/les-avantages\/","title":{"rendered":"Les avantages"},"content":{"rendered":"\n<div class=\"wp-block-uagb-separator uagb-block-548dfccd\"><div class=\"uagb-separator-spacing-wrapper\"><div class=\"wp-block-uagb-separator__inner\" style=\"--my-background-image:\"><\/div><\/div><\/div>\n\n\n\n<h2 class=\"wp-block-heading has-text-align-center\">Les Avantages<\/h2>\n\n\n\n<figure class=\"wp-block-image aligncenter size-full is-resized\"><img loading=\"lazy\" decoding=\"async\" width=\"640\" height=\"640\" src=\"https:\/\/www.solidr.fr\/wp-content\/uploads\/2025\/08\/sketch-3045125_640.webp\" alt=\"\" class=\"wp-image-458\" style=\"width:270px;height:auto\" srcset=\"https:\/\/www.solidr.fr\/wp-content\/uploads\/2025\/08\/sketch-3045125_640.webp 640w, https:\/\/www.solidr.fr\/wp-content\/uploads\/2025\/08\/sketch-3045125_640-300x300.webp 300w, https:\/\/www.solidr.fr\/wp-content\/uploads\/2025\/08\/sketch-3045125_640-150x150.webp 150w\" sizes=\"auto, (max-width: 640px) 100vw, 640px\" \/><\/figure>\n\n\n\n<p>Le mode de garde est une v\u00e9ritable pr\u00e9occupation que l\u2019on soit l\u2019employeur ou le salari\u00e9-parents. Alors quels avantages pour chacune des parties&nbsp;?<\/p>\n\n\n\n<p><strong>Pour l\u2019employeur<\/strong><\/p>\n\n\n\n<p>Pour vous employeur, offrir une solution de garde \u00e0 vos salari\u00e9s parents c\u2019est<\/p>\n\n\n\n<ul class=\"wp-block-list\">\n<li>Valoriser l\u2019image de l\u2019entreprise<\/li>\n\n\n\n<li>Fid\u00e9liser votre personnel<\/li>\n\n\n\n<li>Diminuer l\u2019absent\u00e9isme<\/li>\n\n\n\n<li>Dynamiser votre recrutement<\/li>\n\n\n\n<li>G\u00e9rer votre masse salariale<\/li>\n\n\n\n<li>Ma\u00eetriser les retards et les d\u00e9parts anticip\u00e9s<\/li>\n\n\n\n<li>Accentuer la performance de vos salari\u00e9s<\/li>\n\n\n\n<li><a href=\"http:\/\/www.babilou.fr\/entreprise\/le-cout.html\">B\u00e9n\u00e9ficiez d\u2019aides fiscales<\/a>&nbsp;mises en place par l\u2019Etat qui permettent \u00e0 toutes entreprises r\u00e9servataires de r\u00e9cup\u00e9rer jusqu\u2019\u00e0 83% de sa d\u00e9pense cr\u00e8che.<\/li>\n<\/ul>\n\n\n\n<p><strong>Pour le salari\u00e9<\/strong><\/p>\n\n\n\n<p>Pour vous salari\u00e9s qui \u00eates aussi parents, avoir une place en cr\u00e8che cofinanc\u00e9 par votre employeur c\u2019est :<\/p>\n\n\n\n<ul class=\"wp-block-list\">\n<li>Avoir une solution \u00e0 des difficult\u00e9s de mode de garde,<\/li>\n\n\n\n<li>Pouvoir concilier vie professionnelle et priv\u00e9e,<\/li>\n\n\n\n<li>Permettre de faciliter un retour de cong\u00e9 maternit\u00e9\/parental,<\/li>\n\n\n\n<li>Une s\u00e9r\u00e9nit\u00e9, bien-\u00eatre et gain de temps gr\u00e2ce \u00e0 des horaires souples adapt\u00e9s \u00e0 la vie professionnelle,<\/li>\n\n\n\n<li>Avoir un tarif identique \u00e0 celui d\u2019une cr\u00e8che municipale : le co\u00fbt est calcul\u00e9 selon les bar\u00e8mes de la CNAF, en fonction des revenus et du nombre d\u2019enfants \u00e0 charge,<\/li>\n\n\n\n<li>B\u00e9n\u00e9ficier pour son enfant d\u2019un accueil s\u00fbr et rassurant, aupr\u00e8s de professionnels dipl\u00f4m\u00e9s et comp\u00e9tants,<\/li>\n\n\n\n<li>Permettre \u00e0 son enfant de&nbsp;s\u2019\u00e9panouir et de&nbsp;se sociabiliser dans un cadre adapt\u00e9 \u00e0 ses besoins et selon son propre rythme de vie.<\/li>\n<\/ul>\n","protected":false},"excerpt":{"rendered":"<p>Les Avantages Le mode de garde est une v\u00e9ritable pr\u00e9occupation que l\u2019on soit l\u2019employeur ou le salari\u00e9-parents. Alors quels avantages pour chacune des parties&nbsp;? Pour l\u2019employeur Pour vous employeur, offrir une solution de garde \u00e0 vos salari\u00e9s parents c\u2019est Pour le salari\u00e9 Pour vous salari\u00e9s qui \u00eates aussi parents, avoir une place en cr\u00e8che cofinanc\u00e9 [&hellip;]<\/p>\n","protected":false},"author":1,"featured_media":0,"parent":0,"menu_order":0,"comment_status":"closed","ping_status":"closed","template":"","meta":{"_uag_custom_page_level_css":"","_swt_meta_header_display":false,"_swt_meta_footer_display":false,"_swt_meta_site_title_display":true,"_swt_meta_sticky_header":false,"_swt_meta_transparent_header":false,"footnotes":""},"class_list":["post-20","page","type-page","status-publish","hentry"],"uagb_featured_image_src":{"full":false,"thumbnail":false,"medium":false,"medium_large":false,"large":false,"1536x1536":false,"2048x2048":false},"uagb_author_info":{"display_name":"edouardporet","author_link":"https:\/\/www.solidr.fr\/index.php\/author\/edouardporet\/"},"uagb_comment_info":0,"uagb_excerpt":"Les Avantages Le mode de garde est une v\u00e9ritable pr\u00e9occupation que l\u2019on soit l\u2019employeur ou le salari\u00e9-parents. Alors quels avantages pour chacune des parties&nbsp;? Pour l\u2019employeur Pour vous employeur, offrir une solution de garde \u00e0 vos salari\u00e9s parents c\u2019est Pour le salari\u00e9 Pour vous salari\u00e9s qui \u00eates aussi parents, avoir une place en cr\u00e8che cofinanc\u00e9\u2026","_links":{"self":[{"href":"https:\/\/www.solidr.fr\/index.php\/wp-json\/wp\/v2\/pages\/20","targetHints":{"allow":["GET"]}}],"collection":[{"href":"https:\/\/www.solidr.fr\/index.php\/wp-json\/wp\/v2\/pages"}],"about":[{"href":"https:\/\/www.solidr.fr\/index.php\/wp-json\/wp\/v2\/types\/page"}],"author":[{"embeddable":true,"href":"https:\/\/www.solidr.fr\/index.php\/wp-json\/wp\/v2\/users\/1"}],"replies":[{"embeddable":true,"href":"https:\/\/www.solidr.fr\/index.php\/wp-json\/wp\/v2\/comments?post=20"}],"version-history":[{"count":4,"href":"https:\/\/www.solidr.fr\/index.php\/wp-json\/wp\/v2\/pages\/20\/revisions"}],"predecessor-version":[{"id":459,"href":"https:\/\/www.solidr.fr\/index.php\/wp-json\/wp\/v2\/pages\/20\/revisions\/459"}],"wp:attachment":[{"href":"https:\/\/www.solidr.fr\/index.php\/wp-json\/wp\/v2\/media?parent=20"}],"curies":[{"name":"wp","href":"https:\/\/api.w.org\/{rel}","templated":true}]}}