{"id":22,"date":"2024-03-14T15:48:26","date_gmt":"2024-03-14T14:48:26","guid":{"rendered":"https:\/\/www.solidr.fr\/?page_id=22"},"modified":"2025-08-07T10:21:22","modified_gmt":"2025-08-07T08:21:22","slug":"le-cout","status":"publish","type":"page","link":"https:\/\/www.solidr.fr\/index.php\/le-cout\/","title":{"rendered":"Le co\u00fbt"},"content":{"rendered":"\n<div class=\"wp-block-uagb-separator uagb-block-548dfccd\"><div class=\"uagb-separator-spacing-wrapper\"><div class=\"wp-block-uagb-separator__inner\" style=\"--my-background-image:\"><\/div><\/div><\/div>\n\n\n\n<h4 class=\"wp-block-heading\">Pour aider la cr\u00e9ation de cr\u00e8ches d\u2019entreprises, les pouvoirs publics ont mis en place des aides incitatives couvrant plus de 80% du co\u00fbt de r\u00e9servation.<\/h4>\n\n\n\n<ul class=\"wp-block-list\">\n<li>L\u2019entreprise b\u00e9n\u00e9ficie de 50% de&nbsp;Cr\u00e9dit d\u2019&nbsp;Imp\u00f4t Famille&nbsp;(CIF)&nbsp;sur les d\u00e9penses engag\u00e9es pour la r\u00e9servation de places en cr\u00e8ches.<\/li>\n\n\n\n<li>Le co\u00fbt d\u2019une place en cr\u00e8che est&nbsp;une charge fiscalement d\u00e9ductibleet permet ainsi une \u00e9conomie d\u2019Imp\u00f4t sur les Soci\u00e9t\u00e9s (IS) de 33,33%.<\/li>\n\n\n\n<li>Le Comit\u00e9 d\u2019entreprise peut \u00e9ventuellement prendre \u00e0 sa charge une partie des frais de r\u00e9servation du ou des berceaux.<\/li>\n<\/ul>\n\n\n\n<p>Pour les familles, nous appliquons le bar\u00e8me national de la CNAF qui garantit le m\u00eame prix qu\u2019en cr\u00e8che municipale.<\/p>\n\n\n\n<figure class=\"wp-block-image aligncenter\"><a href=\"https:\/\/www.solidr.fr\/wp-content\/uploads\/2015\/10\/repartition_financement.jpg\"><img decoding=\"async\" src=\"https:\/\/www.solidr.fr\/wp-content\/uploads\/2015\/10\/repartition_financement-300x160.jpg\" alt=\"repartition_financement\" class=\"wp-image-53\"\/><\/a><\/figure>\n\n\n\n<h6 class=\"wp-block-heading has-text-align-center\">R\u00e9partition du financement d\u2019une place de cr\u00e8che<\/h6>\n","protected":false},"excerpt":{"rendered":"<p>Pour aider la cr\u00e9ation de cr\u00e8ches d\u2019entreprises, les pouvoirs publics ont mis en place des aides incitatives couvrant plus de 80% du co\u00fbt de r\u00e9servation. Pour les familles, nous appliquons le bar\u00e8me national de la CNAF qui garantit le m\u00eame prix qu\u2019en cr\u00e8che municipale. R\u00e9partition du financement d\u2019une place de cr\u00e8che<\/p>\n","protected":false},"author":1,"featured_media":0,"parent":0,"menu_order":0,"comment_status":"closed","ping_status":"closed","template":"","meta":{"_uag_custom_page_level_css":"","_swt_meta_header_display":false,"_swt_meta_footer_display":false,"_swt_meta_site_title_display":true,"_swt_meta_sticky_header":false,"_swt_meta_transparent_header":false,"footnotes":""},"class_list":["post-22","page","type-page","status-publish","hentry"],"uagb_featured_image_src":{"full":false,"thumbnail":false,"medium":false,"medium_large":false,"large":false,"1536x1536":false,"2048x2048":false},"uagb_author_info":{"display_name":"edouardporet","author_link":"https:\/\/www.solidr.fr\/index.php\/author\/edouardporet\/"},"uagb_comment_info":0,"uagb_excerpt":"Pour aider la cr\u00e9ation de cr\u00e8ches d\u2019entreprises, les pouvoirs publics ont mis en place des aides incitatives couvrant plus de 80% du co\u00fbt de r\u00e9servation. Pour les familles, nous appliquons le bar\u00e8me national de la CNAF qui garantit le m\u00eame prix qu\u2019en cr\u00e8che municipale. R\u00e9partition du financement d\u2019une place de cr\u00e8che","_links":{"self":[{"href":"https:\/\/www.solidr.fr\/index.php\/wp-json\/wp\/v2\/pages\/22","targetHints":{"allow":["GET"]}}],"collection":[{"href":"https:\/\/www.solidr.fr\/index.php\/wp-json\/wp\/v2\/pages"}],"about":[{"href":"https:\/\/www.solidr.fr\/index.php\/wp-json\/wp\/v2\/types\/page"}],"author":[{"embeddable":true,"href":"https:\/\/www.solidr.fr\/index.php\/wp-json\/wp\/v2\/users\/1"}],"replies":[{"embeddable":true,"href":"https:\/\/www.solidr.fr\/index.php\/wp-json\/wp\/v2\/comments?post=22"}],"version-history":[{"count":2,"href":"https:\/\/www.solidr.fr\/index.php\/wp-json\/wp\/v2\/pages\/22\/revisions"}],"predecessor-version":[{"id":451,"href":"https:\/\/www.solidr.fr\/index.php\/wp-json\/wp\/v2\/pages\/22\/revisions\/451"}],"wp:attachment":[{"href":"https:\/\/www.solidr.fr\/index.php\/wp-json\/wp\/v2\/media?parent=22"}],"curies":[{"name":"wp","href":"https:\/\/api.w.org\/{rel}","templated":true}]}}