{"id":25,"date":"2024-03-14T15:49:44","date_gmt":"2024-03-14T14:49:44","guid":{"rendered":"https:\/\/www.solidr.fr\/?page_id=25"},"modified":"2025-08-07T14:25:13","modified_gmt":"2025-08-07T12:25:13","slug":"nos-partenaires","status":"publish","type":"page","link":"https:\/\/www.solidr.fr\/index.php\/nos-partenaires\/","title":{"rendered":"Nos partenaires"},"content":{"rendered":"\n<div class=\"wp-block-uagb-separator uagb-block-30fb3673\"><div class=\"uagb-separator-spacing-wrapper\"><div class=\"wp-block-uagb-separator__inner\" style=\"--my-background-image:\"><\/div><\/div><\/div>\n\n\n\n<div class=\"wp-block-group has-global-padding is-layout-constrained wp-container-core-group-is-layout-86fefda5 wp-block-group-is-layout-constrained\" style=\"padding-top:var(--wp--preset--spacing--x-large);padding-bottom:var(--wp--preset--spacing--x-large)\">\n<div class=\"wp-block-group alignwide is-layout-flow wp-block-group-is-layout-flow\" style=\"padding-bottom:var(--wp--preset--spacing--x-small)\">\n<h2 class=\"wp-block-heading has-text-align-center\">Nos partenaires<\/h2>\n\n\n\n<p class=\"has-text-align-center\">Depuis plusieurs ann\u00e9es maintenant de nombreuses entreprises ont d\u00e9cid\u00e9 de mener une politique sociale au sein de leurs \u00e9tablissements et de proposer une solution de garde concr\u00e8te \u00e0 leurs salari\u00e9s.<\/p>\n<\/div>\n\n\n\n<div class=\"wp-block-group alignwide is-layout-flow wp-container-core-group-is-layout-8a92f19b wp-block-group-is-layout-flow\">\n<div class=\"wp-block-columns alignwide is-layout-flex wp-container-core-columns-is-layout-47e616e8 wp-block-columns-is-layout-flex\">\n<div class=\"wp-block-column is-layout-flow wp-container-core-column-is-layout-c39a6912 wp-block-column-is-layout-flow\">\n<div class=\"wp-block-group has-border-color has-outline-border-color is-layout-flow wp-block-group-is-layout-flow\" style=\"border-width:1px;border-radius:6px;min-height:100%;padding-top:var(--wp--preset--spacing--small);padding-right:var(--wp--preset--spacing--small);padding-bottom:var(--wp--preset--spacing--small);padding-left:var(--wp--preset--spacing--small)\">\n<div class=\"wp-block-uagb-separator uagb-block-11bb1ee5 wp-block-uagb-separator--icon\"><div class=\"wp-block-uagb-separator__inner\" style=\"--my-background-image:\"><div class=\"wp-block-uagb-separator-element\"><svg xmlns=\"https:\/\/www.w3.org\/2000\/svg\" viewBox=\"0 0 512 512\"><path d=\"M240.1 4.216C249.1-1.405 262-1.405 271.9 4.216L443.6 102.4L447.1 104V104.9L495.9 132.2C508.5 139.4 514.6 154.2 510.9 168.2C507.2 182.2 494.5 192 479.1 192H31.1C17.49 192 4.795 182.2 1.071 168.2C-2.653 154.2 3.524 139.4 16.12 132.2L63.1 104.9V104L68.37 102.4L240.1 4.216zM64 224H128V416H168V224H232V416H280V224H344V416H384V224H448V420.3C448.6 420.6 449.2 420.1 449.8 421.4L497.8 453.4C509.5 461.2 514.7 475.8 510.6 489.3C506.5 502.8 494.1 512 480 512H32C17.9 512 5.46 502.8 1.373 489.3C-2.713 475.8 2.517 461.2 14.25 453.4L62.25 421.4C62.82 420.1 63.41 420.6 64 420.3V224z\"><\/path><\/svg><\/div><\/div><\/div>\n\n\n\n<h5 class=\"wp-block-heading has-heading-color has-text-color\" style=\"margin-top:var(--wp--preset--spacing--small)\">Les C.A.F de Haute Corse et Corse du Sud<\/h5>\n\n\n\n<div class=\"wp-block-uagb-image uagb-block-12695d32 wp-block-uagb-image--layout-default wp-block-uagb-image--effect-static wp-block-uagb-image--align-none\"><figure class=\"wp-block-uagb-image__figure\"><img decoding=\"async\" srcset=\"https:\/\/www.solidr.fr\/wp-content\/uploads\/2025\/08\/Caisse_d_allocations_familiales_france_logo.svg_-1024x1004.png ,https:\/\/www.solidr.fr\/wp-content\/uploads\/2025\/08\/Caisse_d_allocations_familiales_france_logo.svg_.png 780w, https:\/\/www.solidr.fr\/wp-content\/uploads\/2025\/08\/Caisse_d_allocations_familiales_france_logo.svg_.png 360w\" sizes=\"auto, (max-width: 480px) 150px\" src=\"https:\/\/www.solidr.fr\/wp-content\/uploads\/2025\/08\/Caisse_d_allocations_familiales_france_logo.svg_-1024x1004.png\" alt=\"\" class=\"uag-image-541\" width=\"99\" height=\"96\" title=\"Caisse_d_allocations_familiales_france_logo.svg\" loading=\"lazy\" role=\"img\"\/><\/figure><\/div>\n<\/div>\n<\/div>\n\n\n\n<div class=\"wp-block-column is-layout-flow wp-container-core-column-is-layout-c39a6912 wp-block-column-is-layout-flow\">\n<div class=\"wp-block-group has-border-color has-outline-border-color is-layout-flow wp-block-group-is-layout-flow\" style=\"border-width:1px;border-radius:6px;min-height:100%;padding-top:var(--wp--preset--spacing--small);padding-right:var(--wp--preset--spacing--small);padding-bottom:var(--wp--preset--spacing--small);padding-left:var(--wp--preset--spacing--small)\">\n<div class=\"wp-block-columns is-layout-flex wp-container-core-columns-is-layout-28f84493 wp-block-columns-is-layout-flex\">\n<div class=\"wp-block-column is-layout-flow wp-block-column-is-layout-flow\">\n<div class=\"wp-block-uagb-separator uagb-block-70f5b4ab wp-block-uagb-separator--icon\"><div class=\"wp-block-uagb-separator__inner\" style=\"--my-background-image:\"><div class=\"wp-block-uagb-separator-element\"><svg xmlns=\"https:\/\/www.w3.org\/2000\/svg\" viewBox=\"0 0 512 512\"><path d=\"M320 336c0 8.844-7.156 16-16 16h-96C199.2 352 192 344.8 192 336V288H0v144C0 457.6 22.41 480 48 480h416c25.59 0 48-22.41 48-48V288h-192V336zM464 96H384V48C384 22.41 361.6 0 336 0h-160C150.4 0 128 22.41 128 48V96H48C22.41 96 0 118.4 0 144V256h512V144C512 118.4 489.6 96 464 96zM336 96h-160V48h160V96z\"><\/path><\/svg><\/div><\/div><\/div>\n<\/div>\n\n\n\n<div class=\"wp-block-column is-layout-flow wp-block-column-is-layout-flow\">\n<div class=\"wp-block-uagb-separator uagb-block-d3da3e18 wp-block-uagb-separator--icon wp-block-heading\"><div class=\"wp-block-uagb-separator__inner\" style=\"--my-background-image:\"><div class=\"wp-block-uagb-separator-element\"><svg xmlns=\"https:\/\/www.w3.org\/2000\/svg\" viewBox=\"0 0 384 512\"><path d=\"M336 0C362.5 0 384 21.49 384 48V464C384 490.5 362.5 512 336 512H240V432C240 405.5 218.5 384 192 384C165.5 384 144 405.5 144 432V512H48C21.49 512 0 490.5 0 464V48C0 21.49 21.49 0 48 0H336zM64 272C64 280.8 71.16 288 80 288H112C120.8 288 128 280.8 128 272V240C128 231.2 120.8 224 112 224H80C71.16 224 64 231.2 64 240V272zM176 224C167.2 224 160 231.2 160 240V272C160 280.8 167.2 288 176 288H208C216.8 288 224 280.8 224 272V240C224 231.2 216.8 224 208 224H176zM256 272C256 280.8 263.2 288 272 288H304C312.8 288 320 280.8 320 272V240C320 231.2 312.8 224 304 224H272C263.2 224 256 231.2 256 240V272zM80 96C71.16 96 64 103.2 64 112V144C64 152.8 71.16 160 80 160H112C120.8 160 128 152.8 128 144V112C128 103.2 120.8 96 112 96H80zM160 144C160 152.8 167.2 160 176 160H208C216.8 160 224 152.8 224 144V112C224 103.2 216.8 96 208 96H176C167.2 96 160 103.2 160 112V144zM272 96C263.2 96 256 103.2 256 112V144C256 152.8 263.2 160 272 160H304C312.8 160 320 152.8 320 144V112C320 103.2 312.8 96 304 96H272z\"><\/path><\/svg><\/div><\/div><\/div>\n<\/div>\n\n\n\n<div class=\"wp-block-column is-layout-flow wp-block-column-is-layout-flow\">\n<div class=\"wp-block-uagb-separator uagb-block-f2370a90 wp-block-uagb-separator--icon\"><div class=\"wp-block-uagb-separator__inner\" style=\"--my-background-image:\"><div class=\"wp-block-uagb-separator-element\"><svg xmlns=\"https:\/\/www.w3.org\/2000\/svg\" viewBox=\"0 0 576 512\"><path d=\"M328.1 112L563.7 405.4C571.7 415.4 576 427.7 576 440.4V464C576 490.5 554.5 512 528 512H48C21.49 512 0 490.5 0 464V440.4C0 427.7 4.328 415.4 12.27 405.4L247 112L199 51.99C187.1 38.19 190.2 18.05 204 7.013C217.8-4.027 237.9-1.789 248.1 12.01L288 60.78L327 12.01C338.1-1.789 358.2-4.027 371.1 7.013C385.8 18.05 388 38.19 376.1 51.99L328.1 112zM407.5 448L288 291.7L168.5 448H407.5z\"><\/path><\/svg><\/div><\/div><\/div>\n<\/div>\n<\/div>\n\n\n\n<h5 class=\"wp-block-heading has-heading-color has-text-color\" style=\"margin-top:var(--wp--preset--spacing--small)\">Les TPE ou PME comme des groupes locaux (Groupe Rocca..)<\/h5>\n<\/div>\n<\/div>\n\n\n\n<div class=\"wp-block-column is-layout-flow wp-container-core-column-is-layout-c39a6912 wp-block-column-is-layout-flow\">\n<div class=\"wp-block-group has-border-color has-outline-border-color is-layout-flow wp-block-group-is-layout-flow\" style=\"border-width:1px;border-radius:6px;min-height:100%;padding-top:var(--wp--preset--spacing--small);padding-right:var(--wp--preset--spacing--small);padding-bottom:var(--wp--preset--spacing--small);padding-left:var(--wp--preset--spacing--small)\">\n<div class=\"wp-block-uagb-separator uagb-block-1d094496 wp-block-uagb-separator--icon\"><div class=\"wp-block-uagb-separator__inner\" style=\"--my-background-image:\"><div class=\"wp-block-uagb-separator-element\"><svg xmlns=\"https:\/\/www.w3.org\/2000\/svg\" viewBox=\"0 0 512 512\"><path d=\"M243.4 2.587C251.4-.8625 260.6-.8625 268.6 2.587L492.6 98.59C506.6 104.6 514.4 119.6 511.3 134.4C508.3 149.3 495.2 159.1 479.1 160V168C479.1 181.3 469.3 192 455.1 192H55.1C42.74 192 31.1 181.3 31.1 168V160C16.81 159.1 3.708 149.3 .6528 134.4C-2.402 119.6 5.429 104.6 19.39 98.59L243.4 2.587zM256 128C273.7 128 288 113.7 288 96C288 78.33 273.7 64 256 64C238.3 64 224 78.33 224 96C224 113.7 238.3 128 256 128zM127.1 416H167.1V224H231.1V416H280V224H344V416H384V224H448V420.3C448.6 420.6 449.2 420.1 449.8 421.4L497.8 453.4C509.5 461.2 514.7 475.8 510.6 489.3C506.5 502.8 494.1 512 480 512H31.1C17.9 512 5.458 502.8 1.372 489.3C-2.715 475.8 2.515 461.2 14.25 453.4L62.25 421.4C62.82 420.1 63.41 420.6 63.1 420.3V224H127.1V416z\"><\/path><\/svg><\/div><\/div><\/div>\n\n\n\n<h5 class=\"wp-block-heading has-heading-color has-text-color\" style=\"margin-top:var(--wp--preset--spacing--small)\">Les services de la Pr\u00e9fecture de Corse<\/h5>\n\n\n\n<div class=\"wp-block-uagb-image uagb-block-8ff63888 wp-block-uagb-image--layout-default wp-block-uagb-image--effect-static wp-block-uagb-image--align-none\"><figure class=\"wp-block-uagb-image__figure\"><img decoding=\"async\" srcset=\"https:\/\/www.solidr.fr\/wp-content\/uploads\/2025\/08\/association-152746_1280-1022x1024.png ,https:\/\/www.solidr.fr\/wp-content\/uploads\/2025\/08\/association-152746_1280.png 780w, https:\/\/www.solidr.fr\/wp-content\/uploads\/2025\/08\/association-152746_1280.png 360w\" sizes=\"auto, (max-width: 480px) 150px\" src=\"https:\/\/www.solidr.fr\/wp-content\/uploads\/2025\/08\/association-152746_1280-1022x1024.png\" alt=\"\" class=\"uag-image-534\" width=\"98\" height=\"97\" title=\"association-152746_1280\" loading=\"lazy\" role=\"img\"\/><\/figure><\/div>\n<\/div>\n<\/div>\n<\/div>\n\n\n\n<div class=\"wp-block-columns alignwide is-layout-flex wp-container-core-columns-is-layout-47e616e8 wp-block-columns-is-layout-flex\">\n<div class=\"wp-block-column is-layout-flow wp-container-core-column-is-layout-c39a6912 wp-block-column-is-layout-flow\">\n<div class=\"wp-block-group has-border-color has-outline-border-color is-layout-flow wp-block-group-is-layout-flow\" style=\"border-width:1px;border-radius:6px;min-height:100%;padding-top:var(--wp--preset--spacing--small);padding-right:var(--wp--preset--spacing--small);padding-bottom:var(--wp--preset--spacing--small);padding-left:var(--wp--preset--spacing--small)\">\n<div class=\"wp-block-uagb-separator uagb-block-90074b6f wp-block-uagb-separator--icon\"><div class=\"wp-block-uagb-separator__inner\" style=\"--my-background-image:\"><div class=\"wp-block-uagb-separator-element\"><svg xmlns=\"https:\/\/www.w3.org\/2000\/svg\" viewBox=\"0 0 512 512\"><path d=\"M240.1 4.216C249.1-1.405 262-1.405 271.9 4.216L443.6 102.4L447.1 104V104.9L495.9 132.2C508.5 139.4 514.6 154.2 510.9 168.2C507.2 182.2 494.5 192 479.1 192H31.1C17.49 192 4.795 182.2 1.071 168.2C-2.653 154.2 3.524 139.4 16.12 132.2L63.1 104.9V104L68.37 102.4L240.1 4.216zM64 224H128V416H168V224H232V416H280V224H344V416H384V224H448V420.3C448.6 420.6 449.2 420.1 449.8 421.4L497.8 453.4C509.5 461.2 514.7 475.8 510.6 489.3C506.5 502.8 494.1 512 480 512H32C17.9 512 5.46 502.8 1.373 489.3C-2.713 475.8 2.517 461.2 14.25 453.4L62.25 421.4C62.82 420.1 63.41 420.6 64 420.3V224z\"><\/path><\/svg><\/div><\/div><\/div>\n\n\n\n<h5 class=\"wp-block-heading has-heading-color has-text-color\" style=\"margin-top:var(--wp--preset--spacing--small)\">La SRIAS (regroupant la Fonction Publique d\u2019Etat)<\/h5>\n<\/div>\n<\/div>\n\n\n\n<div class=\"wp-block-column is-layout-flow wp-container-core-column-is-layout-c39a6912 wp-block-column-is-layout-flow\">\n<div class=\"wp-block-group has-border-color has-outline-border-color is-layout-flow wp-block-group-is-layout-flow\" style=\"border-width:1px;border-radius:6px;min-height:100%;padding-top:var(--wp--preset--spacing--small);padding-right:var(--wp--preset--spacing--small);padding-bottom:var(--wp--preset--spacing--small);padding-left:var(--wp--preset--spacing--small)\">\n<div class=\"wp-block-uagb-separator uagb-block-18a8c006 wp-block-uagb-separator--icon\"><div class=\"wp-block-uagb-separator__inner\" style=\"--my-background-image:\"><div class=\"wp-block-uagb-separator-element\"><svg xmlns=\"https:\/\/www.w3.org\/2000\/svg\" viewBox=\"0 0 640 512\"><path d=\"M192 48C192 21.49 213.5 0 240 0H400C426.5 0 448 21.49 448 48V512H368V432C368 405.5 346.5 384 320 384C293.5 384 272 405.5 272 432V512H192V48zM312 64C303.2 64 296 71.16 296 80V104H272C263.2 104 256 111.2 256 120V136C256 144.8 263.2 152 272 152H296V176C296 184.8 303.2 192 312 192H328C336.8 192 344 184.8 344 176V152H368C376.8 152 384 144.8 384 136V120C384 111.2 376.8 104 368 104H344V80C344 71.16 336.8 64 328 64H312zM160 96V512H48C21.49 512 0 490.5 0 464V320H80C88.84 320 96 312.8 96 304C96 295.2 88.84 288 80 288H0V224H80C88.84 224 96 216.8 96 208C96 199.2 88.84 192 80 192H0V144C0 117.5 21.49 96 48 96H160zM592 96C618.5 96 640 117.5 640 144V192H560C551.2 192 544 199.2 544 208C544 216.8 551.2 224 560 224H640V288H560C551.2 288 544 295.2 544 304C544 312.8 551.2 320 560 320H640V464C640 490.5 618.5 512 592 512H480V96H592z\"><\/path><\/svg><\/div><\/div><\/div>\n\n\n\n<h5 class=\"wp-block-heading has-heading-color has-text-color\" style=\"margin-top:var(--wp--preset--spacing--small)\">Les centres hospitaliers de Bastia et d&rsquo;Ajaccio<\/h5>\n\n\n\n<div class=\"wp-block-uagb-image uagb-block-1f5e51b8 wp-block-uagb-image--layout-default wp-block-uagb-image--effect-static wp-block-uagb-image--align-none\"><figure class=\"wp-block-uagb-image__figure\"><img decoding=\"async\" srcset=\"https:\/\/www.solidr.fr\/wp-content\/uploads\/2025\/08\/doctor-6321104_640.webp ,https:\/\/www.solidr.fr\/wp-content\/uploads\/2025\/08\/doctor-6321104_640.webp 780w, https:\/\/www.solidr.fr\/wp-content\/uploads\/2025\/08\/doctor-6321104_640.webp 360w\" sizes=\"auto, (max-width: 480px) 150px\" src=\"https:\/\/www.solidr.fr\/wp-content\/uploads\/2025\/08\/doctor-6321104_640.webp\" alt=\"\" class=\"uag-image-460\" width=\"163\" height=\"110\" title=\"doctor-6321104_640\" loading=\"lazy\" role=\"img\"\/><\/figure><\/div>\n<\/div>\n<\/div>\n\n\n\n<div class=\"wp-block-column is-layout-flow wp-container-core-column-is-layout-c39a6912 wp-block-column-is-layout-flow\">\n<div class=\"wp-block-group has-border-color has-outline-border-color is-layout-flow wp-block-group-is-layout-flow\" style=\"border-width:1px;border-radius:6px;min-height:100%;padding-top:var(--wp--preset--spacing--small);padding-right:var(--wp--preset--spacing--small);padding-bottom:var(--wp--preset--spacing--small);padding-left:var(--wp--preset--spacing--small)\">\n<div class=\"wp-block-uagb-separator uagb-block-067235a8 wp-block-uagb-separator--icon\"><div class=\"wp-block-uagb-separator__inner\" style=\"--my-background-image:\"><div class=\"wp-block-uagb-separator-element\"><svg xmlns=\"https:\/\/www.w3.org\/2000\/svg\" viewBox=\"0 0 512 512\"><path d=\"M243.4 2.587C251.4-.8625 260.6-.8625 268.6 2.587L492.6 98.59C506.6 104.6 514.4 119.6 511.3 134.4C508.3 149.3 495.2 159.1 479.1 160V168C479.1 181.3 469.3 192 455.1 192H55.1C42.74 192 31.1 181.3 31.1 168V160C16.81 159.1 3.708 149.3 .6528 134.4C-2.402 119.6 5.429 104.6 19.39 98.59L243.4 2.587zM256 128C273.7 128 288 113.7 288 96C288 78.33 273.7 64 256 64C238.3 64 224 78.33 224 96C224 113.7 238.3 128 256 128zM127.1 416H167.1V224H231.1V416H280V224H344V416H384V224H448V420.3C448.6 420.6 449.2 420.1 449.8 421.4L497.8 453.4C509.5 461.2 514.7 475.8 510.6 489.3C506.5 502.8 494.1 512 480 512H31.1C17.9 512 5.458 502.8 1.372 489.3C-2.715 475.8 2.515 461.2 14.25 453.4L62.25 421.4C62.82 420.1 63.41 420.6 63.1 420.3V224H127.1V416z\"><\/path><\/svg><\/div><\/div><\/div>\n\n\n\n<h5 class=\"wp-block-heading has-heading-color has-text-color\" style=\"margin-top:var(--wp--preset--spacing--small)\">La gestion en D.S.P. de certaines cr\u00e8ches comme Biguglia<\/h5>\n<\/div>\n<\/div>\n<\/div>\n<\/div>\n\n\n\n<div class=\"wp-block-group alignwide is-layout-flow wp-block-group-is-layout-flow\" style=\"padding-bottom:var(--wp--preset--spacing--x-small)\">\n<h3 class=\"wp-block-heading has-text-align-center\">Tous nos partenaires ont fait le choix de chouchouter et de veiller au bien \u00eatre de leurs salari\u00e9s en leur proposant chaque ann\u00e9e des places au sein de nos \u00e9tablissements.<\/h3>\n<\/div>\n<\/div>\n\n\n\n<p><\/p>\n","protected":false},"excerpt":{"rendered":"<p>Nos partenaires Depuis plusieurs ann\u00e9es maintenant de nombreuses entreprises ont d\u00e9cid\u00e9 de mener une politique sociale au sein de leurs \u00e9tablissements et de proposer une solution de garde concr\u00e8te \u00e0 leurs salari\u00e9s. Les C.A.F de Haute Corse et Corse du Sud Les TPE ou PME comme des groupes locaux (Groupe Rocca..) Les services de la [&hellip;]<\/p>\n","protected":false},"author":1,"featured_media":0,"parent":0,"menu_order":0,"comment_status":"closed","ping_status":"closed","template":"","meta":{"_uag_custom_page_level_css":"","_swt_meta_header_display":false,"_swt_meta_footer_display":false,"_swt_meta_site_title_display":true,"_swt_meta_sticky_header":false,"_swt_meta_transparent_header":false,"footnotes":""},"class_list":["post-25","page","type-page","status-publish","hentry"],"uagb_featured_image_src":{"full":false,"thumbnail":false,"medium":false,"medium_large":false,"large":false,"1536x1536":false,"2048x2048":false},"uagb_author_info":{"display_name":"edouardporet","author_link":"https:\/\/www.solidr.fr\/index.php\/author\/edouardporet\/"},"uagb_comment_info":0,"uagb_excerpt":"Nos partenaires Depuis plusieurs ann\u00e9es maintenant de nombreuses entreprises ont d\u00e9cid\u00e9 de mener une politique sociale au sein de leurs \u00e9tablissements et de proposer une solution de garde concr\u00e8te \u00e0 leurs salari\u00e9s. Les C.A.F de Haute Corse et Corse du Sud Les TPE ou PME comme des groupes locaux (Groupe Rocca..) Les services de la\u2026","_links":{"self":[{"href":"https:\/\/www.solidr.fr\/index.php\/wp-json\/wp\/v2\/pages\/25","targetHints":{"allow":["GET"]}}],"collection":[{"href":"https:\/\/www.solidr.fr\/index.php\/wp-json\/wp\/v2\/pages"}],"about":[{"href":"https:\/\/www.solidr.fr\/index.php\/wp-json\/wp\/v2\/types\/page"}],"author":[{"embeddable":true,"href":"https:\/\/www.solidr.fr\/index.php\/wp-json\/wp\/v2\/users\/1"}],"replies":[{"embeddable":true,"href":"https:\/\/www.solidr.fr\/index.php\/wp-json\/wp\/v2\/comments?post=25"}],"version-history":[{"count":26,"href":"https:\/\/www.solidr.fr\/index.php\/wp-json\/wp\/v2\/pages\/25\/revisions"}],"predecessor-version":[{"id":545,"href":"https:\/\/www.solidr.fr\/index.php\/wp-json\/wp\/v2\/pages\/25\/revisions\/545"}],"wp:attachment":[{"href":"https:\/\/www.solidr.fr\/index.php\/wp-json\/wp\/v2\/media?parent=25"}],"curies":[{"name":"wp","href":"https:\/\/api.w.org\/{rel}","templated":true}]}}