{"id":32,"date":"2024-03-14T16:02:14","date_gmt":"2024-03-14T15:02:14","guid":{"rendered":"https:\/\/www.solidr.fr\/?page_id=32"},"modified":"2025-08-06T15:00:18","modified_gmt":"2025-08-06T13:00:18","slug":"section-des-bebes","status":"publish","type":"page","link":"https:\/\/www.solidr.fr\/index.php\/section-des-bebes\/","title":{"rendered":"Section des b\u00e9b\u00e9s"},"content":{"rendered":"\n<div class=\"wp-block-group alignwide has-tertiary-background-color has-background has-global-padding is-layout-constrained wp-container-core-group-is-layout-13138de1 wp-block-group-is-layout-constrained\" style=\"padding-top:var(--wp--preset--spacing--xx-large);padding-bottom:var(--wp--preset--spacing--xx-large)\">\n<div class=\"wp-block-group alignwide has-global-padding is-layout-constrained wp-block-group-is-layout-constrained\">\n<div class=\"wp-block-columns is-layout-flex wp-container-core-columns-is-layout-28f84493 wp-block-columns-is-layout-flex\">\n<div class=\"wp-block-column is-layout-flow wp-block-column-is-layout-flow\" style=\"padding-top:var(--wp--preset--spacing--large);padding-right:var(--wp--preset--spacing--large);padding-bottom:var(--wp--preset--spacing--large);padding-left:var(--wp--preset--spacing--large);flex-basis:66.66%\">\n<h1 class=\"wp-block-heading has-text-align-center\"><mark style=\"background-color:rgba(0, 0, 0, 0);color:#ff00e2\" class=\"has-inline-color\">Section des b\u00e9b\u00e9s<\/mark><\/h1>\n<\/div>\n\n\n\n<div class=\"wp-block-column is-layout-flow wp-block-column-is-layout-flow\" style=\"flex-basis:33.33%\">\n<figure class=\"wp-block-image aligncenter size-full is-resized\"><img loading=\"lazy\" decoding=\"async\" width=\"819\" height=\"889\" src=\"https:\/\/www.solidr.fr\/wp-content\/uploads\/2025\/04\/enjeu-ducap-1.jpg\" alt=\"\" class=\"wp-image-107\" style=\"width:170px;height:auto\" srcset=\"https:\/\/www.solidr.fr\/wp-content\/uploads\/2025\/04\/enjeu-ducap-1.jpg 819w, https:\/\/www.solidr.fr\/wp-content\/uploads\/2025\/04\/enjeu-ducap-1-276x300.jpg 276w, https:\/\/www.solidr.fr\/wp-content\/uploads\/2025\/04\/enjeu-ducap-1-768x834.jpg 768w\" sizes=\"auto, (max-width: 819px) 100vw, 819px\" \/><\/figure>\n<\/div>\n<\/div>\n<\/div>\n\n\n\n<div class=\"wp-block-uagb-separator uagb-block-1140ce05 wp-block-uagb-separator--icon\"><div class=\"uagb-separator-spacing-wrapper\"><div class=\"wp-block-uagb-separator__inner\" style=\"--my-background-image:\"><div class=\"wp-block-uagb-separator-element\"><svg xmlns=\"https:\/\/www.w3.org\/2000\/svg\" viewBox=\"0 0 384 512\"><path d=\"M256 64C256 99.35 227.3 128 192 128C156.7 128 128 99.35 128 64C128 28.65 156.7 0 192 0C227.3 0 256 28.65 256 64zM155.7 170.2C167.3 173.1 179.6 176 192.2 176C232.1 176 269.3 155.8 291 122.4L309.2 94.54C318.8 79.73 338.6 75.54 353.5 85.18C368.3 94.82 372.5 114.6 362.8 129.5L344.7 157.3C326.4 185.4 301.2 207.3 272 221.6V480C272 497.7 257.7 512 240 512C222.3 512 208 497.7 208 480V384H176V480C176 497.7 161.7 512 144 512C126.3 512 112 497.7 112 480V221.4C83.63 207.4 58.94 186.1 40.87 158.1L21.37 129.8C11.57 115 15.54 95.18 30.25 85.37C44.95 75.57 64.82 79.54 74.62 94.25L94.12 123.5C108.5 145 129.2 160.9 152.9 169.3C153.9 169.5 154.8 169.8 155.7 170.2V170.2z\"><\/path><\/svg><\/div><\/div><\/div><\/div>\n\n\n\n<div class=\"wp-block-columns alignwide is-layout-flex wp-container-core-columns-is-layout-398b3aa3 wp-block-columns-is-layout-flex\">\n<div class=\"wp-block-column is-layout-flow wp-block-column-is-layout-flow\">\n<figure class=\"wp-block-image aligncenter size-full is-resized has-custom-border\"><img loading=\"lazy\" decoding=\"async\" width=\"420\" height=\"594\" src=\"https:\/\/www.solidr.fr\/wp-content\/uploads\/2025\/08\/president-page-001-removebg-preview.png\" alt=\"\" class=\"wp-image-375\" style=\"border-radius:8px;width:257px;height:auto\" srcset=\"https:\/\/www.solidr.fr\/wp-content\/uploads\/2025\/08\/president-page-001-removebg-preview.png 420w, https:\/\/www.solidr.fr\/wp-content\/uploads\/2025\/08\/president-page-001-removebg-preview-212x300.png 212w\" sizes=\"auto, (max-width: 420px) 100vw, 420px\" \/><\/figure>\n<\/div>\n\n\n\n<div class=\"wp-block-column is-vertically-aligned-center is-layout-flow wp-block-column-is-layout-flow\">\n<div class=\"wp-block-group has-global-padding is-layout-constrained wp-container-core-group-is-layout-63b154dc wp-block-group-is-layout-constrained\" style=\"padding-right:var(--wp--preset--spacing--x-small);padding-left:var(--wp--preset--spacing--medium)\">\n<p>Dans la section des b\u00e9b\u00e9s l\u2019\u00e9veil de possibilit\u00e9s motrices et sensorielles se fait tout au long de la journ\u00e9e \u00e0 travers les gestes de la vie quotidienne et des liens qui se tissent entre l\u2019auxiliaire et l\u2019enfant.<\/p>\n<\/div>\n<\/div>\n<\/div>\n\n\n\n<div class=\"wp-block-uagb-separator uagb-block-3714ae0d wp-block-uagb-separator--icon\"><div class=\"uagb-separator-spacing-wrapper\"><div class=\"wp-block-uagb-separator__inner\" style=\"--my-background-image:\"><div class=\"wp-block-uagb-separator-element\"><svg xmlns=\"https:\/\/www.w3.org\/2000\/svg\" viewBox=\"0 0 640 512\"><path d=\"M95.1 64C95.1 28.65 124.7 0 159.1 0C195.3 0 223.1 28.65 223.1 64C223.1 99.35 195.3 128 159.1 128C124.7 128 95.1 99.35 95.1 64zM88 480V400H70.2C59.28 400 51.57 389.3 55.02 378.9L86.16 285.5L57.5 323.3C46.82 337.4 26.75 340.2 12.67 329.5C-1.415 318.8-4.175 298.7 6.503 284.7L65.4 206.1C87.84 177.4 122.9 160 160 160C197.2 160 232.2 177.4 254.6 206.1L313.5 284.7C324.2 298.7 321.4 318.8 307.3 329.5C293.3 340.2 273.2 337.4 262.5 323.3L233.9 285.6L264.1 378.9C268.4 389.3 260.7 400 249.8 400H232V480C232 497.7 217.7 512 200 512C182.3 512 168 497.7 168 480V400H152V480C152 497.7 137.7 512 120 512C102.3 512 88 497.7 88 480H88zM416 64C416 28.65 444.7 0 480 0C515.3 0 544 28.65 544 64C544 99.35 515.3 128 480 128C444.7 128 416 99.35 416 64V64zM472 384V480C472 497.7 457.7 512 440 512C422.3 512 408 497.7 408 480V300.5L395.1 321C385.7 336 365.9 340.5 350.1 331.1C336 321.7 331.5 301.9 340.9 286.1L392.6 204.9C410.2 176.9 440.9 159.1 473.8 159.1H486.2C519.2 159.1 549.8 176.9 567.4 204.9L619.1 286.1C628.5 301.9 624 321.7 609 331.1C594.1 340.5 574.3 336 564.9 321L552 300.5V480C552 497.7 537.7 512 520 512C502.3 512 488 497.7 488 480V384L472 384z\"><\/path><\/svg><\/div><\/div><\/div><\/div>\n\n\n\n<div class=\"wp-block-columns alignwide is-layout-flex wp-container-core-columns-is-layout-28f84493 wp-block-columns-is-layout-flex\">\n<div class=\"wp-block-column is-vertically-aligned-center is-layout-flow wp-block-column-is-layout-flow\">\n<div class=\"wp-block-group has-global-padding is-layout-constrained wp-container-core-group-is-layout-8081e35e wp-block-group-is-layout-constrained\" style=\"padding-right:var(--wp--preset--spacing--x-small);padding-left:var(--wp--preset--spacing--medium)\">\n<p>Au sein de sa section, l\u2019auxiliaire va proposer \u00e0 l\u2019enfant un am\u00e9nagement de l\u2019espace au sol, vari\u00e9 et \u00e9voluant avec ses 1ers besoins moteurs ( tunnels, pente douce, balle).<\/p>\n\n\n\n<p>Pr\u00e9sente \u00e0 ses c\u00f4t\u00e9s physiquement et dans la parole, elle va encourager et stimuler le b\u00e9b\u00e9 pour favoriser le \u00ab&nbsp;4 pattes&nbsp;\u00bb puis la marche.<\/p>\n<\/div>\n<\/div>\n\n\n\n<div class=\"wp-block-column is-layout-flow wp-block-column-is-layout-flow\">\n<figure class=\"wp-block-image aligncenter size-full is-resized has-custom-border\"><img loading=\"lazy\" decoding=\"async\" width=\"1686\" height=\"1920\" src=\"https:\/\/www.solidr.fr\/wp-content\/uploads\/2025\/08\/balloons-25737_1920.png\" alt=\"\" class=\"wp-image-386\" style=\"border-radius:8px;width:233px;height:auto\" srcset=\"https:\/\/www.solidr.fr\/wp-content\/uploads\/2025\/08\/balloons-25737_1920.png 1686w, https:\/\/www.solidr.fr\/wp-content\/uploads\/2025\/08\/balloons-25737_1920-263x300.png 263w, https:\/\/www.solidr.fr\/wp-content\/uploads\/2025\/08\/balloons-25737_1920-899x1024.png 899w, https:\/\/www.solidr.fr\/wp-content\/uploads\/2025\/08\/balloons-25737_1920-768x875.png 768w, https:\/\/www.solidr.fr\/wp-content\/uploads\/2025\/08\/balloons-25737_1920-1349x1536.png 1349w\" sizes=\"auto, (max-width: 1686px) 100vw, 1686px\" \/><\/figure>\n<\/div>\n<\/div>\n\n\n\n<div class=\"wp-block-uagb-separator uagb-block-94e37734 wp-block-uagb-separator--icon\"><div class=\"uagb-separator-spacing-wrapper\"><div class=\"wp-block-uagb-separator__inner\" style=\"--my-background-image:\"><div class=\"wp-block-uagb-separator-element\"><svg xmlns=\"https:\/\/www.w3.org\/2000\/svg\" viewBox=\"0 0 320 512\"><path d=\"M223.1 64C223.1 99.35 195.3 128 159.1 128C124.7 128 95.1 99.35 95.1 64C95.1 28.65 124.7 0 159.1 0C195.3 0 223.1 28.65 223.1 64zM70.2 400C59.28 400 51.57 389.3 55.02 378.9L86.16 285.5L57.5 323.3C46.82 337.4 26.75 340.2 12.67 329.5C-1.415 318.8-4.175 298.7 6.503 284.7L65.4 206.1C87.84 177.4 122.9 160 160 160C197.2 160 232.2 177.4 254.6 206.1L313.5 284.7C324.2 298.7 321.4 318.8 307.3 329.5C293.3 340.2 273.2 337.4 262.5 323.3L233.9 285.6L264.1 378.9C268.4 389.3 260.7 400 249.8 400H232V480C232 497.7 217.7 512 200 512C182.3 512 168 497.7 168 480V400H152V480C152 497.7 137.7 512 120 512C102.3 512 88 497.7 88 480V400H70.2z\"><\/path><\/svg><\/div><\/div><\/div><\/div>\n\n\n\n<div class=\"wp-block-columns alignwide is-layout-flex wp-container-core-columns-is-layout-398b3aa3 wp-block-columns-is-layout-flex\">\n<div class=\"wp-block-column is-layout-flow wp-block-column-is-layout-flow\">\n<figure class=\"wp-block-image aligncenter size-full is-resized has-custom-border\"><img loading=\"lazy\" decoding=\"async\" width=\"420\" height=\"594\" src=\"https:\/\/www.solidr.fr\/wp-content\/uploads\/2025\/08\/1-page-001-removebg-preview.png\" alt=\"\" class=\"wp-image-415\" style=\"border-radius:8px;width:237px;height:auto\" srcset=\"https:\/\/www.solidr.fr\/wp-content\/uploads\/2025\/08\/1-page-001-removebg-preview.png 420w, https:\/\/www.solidr.fr\/wp-content\/uploads\/2025\/08\/1-page-001-removebg-preview-212x300.png 212w\" sizes=\"auto, (max-width: 420px) 100vw, 420px\" \/><\/figure>\n<\/div>\n\n\n\n<div class=\"wp-block-column is-vertically-aligned-center is-layout-flow wp-block-column-is-layout-flow\">\n<div class=\"wp-block-group has-global-padding is-layout-constrained wp-container-core-group-is-layout-63b154dc wp-block-group-is-layout-constrained\" style=\"padding-right:var(--wp--preset--spacing--x-small);padding-left:var(--wp--preset--spacing--medium)\">\n<p>Elle favorise la pr\u00e9hension en proposant des objets de textures diff\u00e9rentes (tapis de d\u00e9couvertes, balles, livres en tissus\u2026). Elle stimule la vue par des mobiles de couleurs vives et de formes vari\u00e9s, des portiques, des miroirs, livres et objets color\u00e9s. L\u2019enfant est invit\u00e9 d\u00e8s le plus jeune \u00e2ge \u00e0 d\u00e9velopper son ou\u00efe par le bais de la musique , comptines, chants et jouets sonores. C\u2019est la premi\u00e8re approche pour l\u2019enfant des rythmes, sons , intonations diff\u00e9rents qui le sensibilise au langage. L\u2019odorat et le go\u00fbt vont se d\u00e9velopper au moment des repas.<\/p>\n<\/div>\n<\/div>\n<\/div>\n<\/div>\n","protected":false},"excerpt":{"rendered":"<p>Section des b\u00e9b\u00e9s Dans la section des b\u00e9b\u00e9s l\u2019\u00e9veil de possibilit\u00e9s motrices et sensorielles se fait tout au long de la journ\u00e9e \u00e0 travers les gestes de la vie quotidienne et des liens qui se tissent entre l\u2019auxiliaire et l\u2019enfant. Au sein de sa section, l\u2019auxiliaire va proposer \u00e0 l\u2019enfant un am\u00e9nagement de l\u2019espace au [&hellip;]<\/p>\n","protected":false},"author":1,"featured_media":0,"parent":0,"menu_order":0,"comment_status":"closed","ping_status":"closed","template":"","meta":{"_uag_custom_page_level_css":"","_swt_meta_header_display":false,"_swt_meta_footer_display":false,"_swt_meta_site_title_display":true,"_swt_meta_sticky_header":false,"_swt_meta_transparent_header":false,"footnotes":""},"class_list":["post-32","page","type-page","status-publish","hentry"],"uagb_featured_image_src":{"full":false,"thumbnail":false,"medium":false,"medium_large":false,"large":false,"1536x1536":false,"2048x2048":false},"uagb_author_info":{"display_name":"edouardporet","author_link":"https:\/\/www.solidr.fr\/index.php\/author\/edouardporet\/"},"uagb_comment_info":0,"uagb_excerpt":"Section des b\u00e9b\u00e9s Dans la section des b\u00e9b\u00e9s l\u2019\u00e9veil de possibilit\u00e9s motrices et sensorielles se fait tout au long de la journ\u00e9e \u00e0 travers les gestes de la vie quotidienne et des liens qui se tissent entre l\u2019auxiliaire et l\u2019enfant. Au sein de sa section, l\u2019auxiliaire va proposer \u00e0 l\u2019enfant un am\u00e9nagement de l\u2019espace au\u2026","_links":{"self":[{"href":"https:\/\/www.solidr.fr\/index.php\/wp-json\/wp\/v2\/pages\/32","targetHints":{"allow":["GET"]}}],"collection":[{"href":"https:\/\/www.solidr.fr\/index.php\/wp-json\/wp\/v2\/pages"}],"about":[{"href":"https:\/\/www.solidr.fr\/index.php\/wp-json\/wp\/v2\/types\/page"}],"author":[{"embeddable":true,"href":"https:\/\/www.solidr.fr\/index.php\/wp-json\/wp\/v2\/users\/1"}],"replies":[{"embeddable":true,"href":"https:\/\/www.solidr.fr\/index.php\/wp-json\/wp\/v2\/comments?post=32"}],"version-history":[{"count":15,"href":"https:\/\/www.solidr.fr\/index.php\/wp-json\/wp\/v2\/pages\/32\/revisions"}],"predecessor-version":[{"id":416,"href":"https:\/\/www.solidr.fr\/index.php\/wp-json\/wp\/v2\/pages\/32\/revisions\/416"}],"wp:attachment":[{"href":"https:\/\/www.solidr.fr\/index.php\/wp-json\/wp\/v2\/media?parent=32"}],"curies":[{"name":"wp","href":"https:\/\/api.w.org\/{rel}","templated":true}]}}