{"id":38,"date":"2024-03-14T16:03:17","date_gmt":"2024-03-14T15:03:17","guid":{"rendered":"https:\/\/www.solidr.fr\/?page_id=38"},"modified":"2025-08-07T14:59:42","modified_gmt":"2025-08-07T12:59:42","slug":"notre-equipe","status":"publish","type":"page","link":"https:\/\/www.solidr.fr\/index.php\/notre-equipe\/","title":{"rendered":"Nos Cr\u00e8ches"},"content":{"rendered":"\n<div class=\"wp-block-uagb-container uagb-block-26fcef1f alignfull uagb-is-root-container\"><div class=\"uagb-container-inner-blocks-wrap\">\n<div class=\"wp-block-uagb-container uagb-block-1bc6aaa9\">\n<div class=\"wp-block-uagb-info-box uagb-block-ce455bcf uagb-infobox__content-wrap  uagb-infobox-icon-above-title uagb-infobox-image-valign-top\"><div class=\"uagb-ifb-content\"><div class=\"uagb-ifb-icon-wrap\"><svg xmlns=\"https:\/\/www.w3.org\/2000\/svg\" viewBox=\"0 0 512 512\"><path d=\"M0 256C0 114.6 114.6 0 256 0C397.4 0 512 114.6 512 256C512 397.4 397.4 512 256 512C114.6 512 0 397.4 0 256zM371.8 211.8C382.7 200.9 382.7 183.1 371.8 172.2C360.9 161.3 343.1 161.3 332.2 172.2L224 280.4L179.8 236.2C168.9 225.3 151.1 225.3 140.2 236.2C129.3 247.1 129.3 264.9 140.2 275.8L204.2 339.8C215.1 350.7 232.9 350.7 243.8 339.8L371.8 211.8z\"><\/path><\/svg><\/div><div class=\"uagb-ifb-title-wrap\"><h3 class=\"uagb-ifb-title\">En Jeu du Cap <mark style=\"background-color:rgba(0, 0, 0, 0);color:#f029df\" class=\"has-inline-color\">Cr\u00e8che Les Pitchounes<\/mark><\/h3><\/div><p class=\"uagb-ifb-desc\">La cr\u00e8che <em><strong>d&rsquo;une capacit\u00e9 de 20 berceaux<\/strong><\/em> accueille vos enfants du lundi au vendredi de 07h30 \u00e0 18h30, toute l&rsquo;ann\u00e9e hors week-end et jours f\u00e9ri\u00e9s (pas de fermeture annuelle).<\/p><\/div><\/div>\n<\/div>\n\n\n\n<div class=\"wp-block-uagb-container uagb-block-8ce0f12d\">\n<div class=\"wp-block-uagb-info-box uagb-block-9ef99940 uagb-infobox__content-wrap  uagb-infobox-icon-above-title uagb-infobox-image-valign-top\"><div class=\"uagb-ifb-content\"><div class=\"uagb-ifb-icon-wrap\"><svg xmlns=\"https:\/\/www.w3.org\/2000\/svg\" viewBox=\"0 0 512 512\"><path d=\"M0 256C0 114.6 114.6 0 256 0C397.4 0 512 114.6 512 256C512 397.4 397.4 512 256 512C114.6 512 0 397.4 0 256zM371.8 211.8C382.7 200.9 382.7 183.1 371.8 172.2C360.9 161.3 343.1 161.3 332.2 172.2L224 280.4L179.8 236.2C168.9 225.3 151.1 225.3 140.2 236.2C129.3 247.1 129.3 264.9 140.2 275.8L204.2 339.8C215.1 350.7 232.9 350.7 243.8 339.8L371.8 211.8z\"><\/path><\/svg><\/div><div class=\"uagb-ifb-title-wrap\"><h3 class=\"uagb-ifb-title\">En Jeu Furiani <mark style=\"background-color:rgba(0, 0, 0, 0);color:#21eb4d\" class=\"has-inline-color\">Cr\u00e8che Les Petits Pas<\/mark><\/h3><\/div><p class=\"uagb-ifb-desc\">La cr\u00e8che <em><strong>d&rsquo;une capacit\u00e9 de 40 berceaux<\/strong><\/em> accueille vos enfants du lundi au vendredi de 06h30 \u00e0 18h30, toute l&rsquo;ann\u00e9e hors week-end et jours f\u00e9ri\u00e9s (pas de fermeture annuelle).<\/p><\/div><\/div>\n<\/div>\n\n\n\n<div class=\"wp-block-uagb-container uagb-block-9dfbc202\">\n<div class=\"wp-block-uagb-info-box uagb-block-79d15526 uagb-infobox__content-wrap  uagb-infobox-icon-above-title uagb-infobox-image-valign-top\"><div class=\"uagb-ifb-content\"><div class=\"uagb-ifb-icon-wrap\"><svg xmlns=\"https:\/\/www.w3.org\/2000\/svg\" viewBox=\"0 0 512 512\"><path d=\"M0 256C0 114.6 114.6 0 256 0C397.4 0 512 114.6 512 256C512 397.4 397.4 512 256 512C114.6 512 0 397.4 0 256zM371.8 211.8C382.7 200.9 382.7 183.1 371.8 172.2C360.9 161.3 343.1 161.3 332.2 172.2L224 280.4L179.8 236.2C168.9 225.3 151.1 225.3 140.2 236.2C129.3 247.1 129.3 264.9 140.2 275.8L204.2 339.8C215.1 350.7 232.9 350.7 243.8 339.8L371.8 211.8z\"><\/path><\/svg><\/div><div class=\"uagb-ifb-title-wrap\"><h3 class=\"uagb-ifb-title\">En Jeu Village <mark style=\"background-color:rgba(0, 0, 0, 0);color:#bc30ee\" class=\"has-inline-color\">Cr\u00e8che A Ninuccia<\/mark><\/h3><\/div><p class=\"uagb-ifb-desc\">La cr\u00e8che <em><strong>d&rsquo;une capacit\u00e9 de 15 berceaux<\/strong><\/em> accueille vos enfants du lundi au vendredi de 07h30 \u00e0 18h30, toute l&rsquo;ann\u00e9e hors week-end et jours f\u00e9ri\u00e9s (<strong>Attention <\/strong>fermeture annuelle sur la semaine entre No\u00ebl et jour de l&rsquo;An).<\/p><\/div><\/div>\n<\/div>\n\n\n\n<div class=\"wp-block-uagb-container uagb-block-873a0657\">\n<div class=\"wp-block-uagb-info-box uagb-block-0df49e0d uagb-infobox__content-wrap  uagb-infobox-icon-above-title uagb-infobox-image-valign-top\"><div class=\"uagb-ifb-content\"><div class=\"uagb-ifb-icon-wrap\"><svg xmlns=\"https:\/\/www.w3.org\/2000\/svg\" viewBox=\"0 0 512 512\"><path d=\"M0 256C0 114.6 114.6 0 256 0C397.4 0 512 114.6 512 256C512 397.4 397.4 512 256 512C114.6 512 0 397.4 0 256zM371.8 211.8C382.7 200.9 382.7 183.1 371.8 172.2C360.9 161.3 343.1 161.3 332.2 172.2L224 280.4L179.8 236.2C168.9 225.3 151.1 225.3 140.2 236.2C129.3 247.1 129.3 264.9 140.2 275.8L204.2 339.8C215.1 350.7 232.9 350.7 243.8 339.8L371.8 211.8z\"><\/path><\/svg><\/div><div class=\"uagb-ifb-title-wrap\"><h3 class=\"uagb-ifb-title\">En Jeu Biguglia <mark style=\"background-color:rgba(0, 0, 0, 0);color:#51a1f7\" class=\"has-inline-color\">Cr\u00e8che A Nina<\/mark>&nbsp;<\/h3><\/div><p class=\"uagb-ifb-desc\">La cr\u00e8che <em><strong>d&rsquo;une capacit\u00e9 de 30<\/strong><\/em> <em><strong>berceaux<\/strong><\/em> accueille vos enfants du lundi au vendredi de 07h30 \u00e0 18h30, toute l&rsquo;ann\u00e9e hors week-end et jours f\u00e9ri\u00e9s (<strong>Attention <\/strong>fermeture annuelle sur la semaine entre No\u00ebl et jour de l&rsquo;An).<\/p><\/div><\/div>\n<\/div>\n\n\n\n<div class=\"wp-block-uagb-container uagb-block-5c2caaa5\"><iframe loading=\"lazy\" src=\"https:\/\/www.google.com\/maps\/d\/u\/3\/embed?mid=1uJyjtbwXTBBtATZa9igrvI8qLES4pdI&amp;ehbc=2E312F&amp;noprof=1\" width=\"640\" height=\"480\" class=\" swt-hide-tablet swt-hide-mobile\"><\/iframe>\n<\/div>\n\n\n\n<div class=\"wp-block-uagb-container uagb-block-5cc43794\">\n<div class=\"wp-block-uagb-info-box uagb-block-4cb9c38a uagb-infobox__content-wrap  uagb-infobox-icon-above-title uagb-infobox-image-valign-top\"><div class=\"uagb-ifb-content\"><div class=\"uagb-ifb-icon-wrap\"><svg xmlns=\"https:\/\/www.w3.org\/2000\/svg\" viewBox=\"0 0 512 512\"><path d=\"M0 256C0 114.6 114.6 0 256 0C397.4 0 512 114.6 512 256C512 397.4 397.4 512 256 512C114.6 512 0 397.4 0 256zM371.8 211.8C382.7 200.9 382.7 183.1 371.8 172.2C360.9 161.3 343.1 161.3 332.2 172.2L224 280.4L179.8 236.2C168.9 225.3 151.1 225.3 140.2 236.2C129.3 247.1 129.3 264.9 140.2 275.8L204.2 339.8C215.1 350.7 232.9 350.7 243.8 339.8L371.8 211.8z\"><\/path><\/svg><\/div><div class=\"uagb-ifb-title-wrap\"><h3 class=\"uagb-ifb-title\">En Jeu Casinca <mark style=\"background-color:rgba(0, 0, 0, 0);color:#e49e1e\" class=\"has-inline-color\">Cr\u00e8che A Torricella<\/mark><\/h3><\/div><p class=\"uagb-ifb-desc\">La cr\u00e8che <em><strong>d&rsquo;une capacit\u00e9 de 25 berceaux<\/strong><\/em> accueille vos enfants du lundi au vendredi de 07h30 \u00e0 18h30, toute l&rsquo;ann\u00e9e hors week-end et jours f\u00e9ri\u00e9s (<strong>Attention <\/strong>fermeture annuelle sur la semaine entre No\u00ebl et jour de l&rsquo;An).<\/p><\/div><\/div>\n<\/div>\n\n\n\n<div class=\"wp-block-uagb-container uagb-block-789ba2f3\">\n<div class=\"wp-block-uagb-info-box uagb-block-f86cbb54 uagb-infobox__content-wrap  uagb-infobox-icon-above-title uagb-infobox-image-valign-top\"><div class=\"uagb-ifb-content\"><div class=\"uagb-ifb-icon-wrap\"><svg xmlns=\"https:\/\/www.w3.org\/2000\/svg\" viewBox=\"0 0 512 512\"><path d=\"M0 256C0 114.6 114.6 0 256 0C397.4 0 512 114.6 512 256C512 397.4 397.4 512 256 512C114.6 512 0 397.4 0 256zM371.8 211.8C382.7 200.9 382.7 183.1 371.8 172.2C360.9 161.3 343.1 161.3 332.2 172.2L224 280.4L179.8 236.2C168.9 225.3 151.1 225.3 140.2 236.2C129.3 247.1 129.3 264.9 140.2 275.8L204.2 339.8C215.1 350.7 232.9 350.7 243.8 339.8L371.8 211.8z\"><\/path><\/svg><\/div><div class=\"uagb-ifb-title-wrap\"><h3 class=\"uagb-ifb-title\">En Jeu Ponte Leccia <mark style=\"background-color:rgba(0, 0, 0, 0);color:#bb1eeb\" class=\"has-inline-color\">Micro Cr\u00e8che A Paolina<\/mark><\/h3><\/div><p class=\"uagb-ifb-desc\">La cr\u00e8che <em><strong>d&rsquo;une capacit\u00e9 de 10 berceaux<\/strong><\/em> accueille vos enfants du lundi au vendredi de 07h30 \u00e0 18h30, toute l&rsquo;ann\u00e9e hors week-end et jours f\u00e9ri\u00e9s (<strong>Attention <\/strong>fermeture annuelle sur la semaine entre No\u00ebl et jour de l&rsquo;An).<\/p><\/div><\/div>\n<\/div>\n\n\n\n<div class=\"wp-block-uagb-container uagb-block-9ad38e43\">\n<div class=\"wp-block-uagb-info-box uagb-block-251879c3 uagb-infobox__content-wrap  uagb-infobox-icon-above-title uagb-infobox-image-valign-top\"><div class=\"uagb-ifb-content\"><div class=\"uagb-ifb-icon-wrap\"><svg xmlns=\"https:\/\/www.w3.org\/2000\/svg\" viewBox=\"0 0 512 512\"><path d=\"M0 256C0 114.6 114.6 0 256 0C397.4 0 512 114.6 512 256C512 397.4 397.4 512 256 512C114.6 512 0 397.4 0 256zM371.8 211.8C382.7 200.9 382.7 183.1 371.8 172.2C360.9 161.3 343.1 161.3 332.2 172.2L224 280.4L179.8 236.2C168.9 225.3 151.1 225.3 140.2 236.2C129.3 247.1 129.3 264.9 140.2 275.8L204.2 339.8C215.1 350.7 232.9 350.7 243.8 339.8L371.8 211.8z\"><\/path><\/svg><\/div><div class=\"uagb-ifb-title-wrap\"><h3 class=\"uagb-ifb-title\">En Jeu Sarrola <mark style=\"background-color:rgba(0, 0, 0, 0);color:#ff0000\" class=\"has-inline-color\">Cr\u00e8che Les B\u00eatises<\/mark><\/h3><\/div><p class=\"uagb-ifb-desc\">La cr\u00e8che <em><strong>d&rsquo;une capacit\u00e9 de 50 berceaux<\/strong><\/em> accueille vos enfants du lundi au vendredi de 06h30 \u00e0 18h30, toute l&rsquo;ann\u00e9e hors week-end et jours f\u00e9ri\u00e9s (pas de fermeture annuelle).<\/p><\/div><\/div>\n<\/div>\n\n\n\n<div class=\"wp-block-uagb-container uagb-block-673465ad\">\n<div class=\"wp-block-uagb-info-box uagb-block-e6ce63b0 uagb-infobox__content-wrap  uagb-infobox-icon-above-title uagb-infobox-image-valign-top\"><div class=\"uagb-ifb-content\"><div class=\"uagb-ifb-icon-wrap\"><svg xmlns=\"https:\/\/www.w3.org\/2000\/svg\" viewBox=\"0 0 512 512\"><path d=\"M0 256C0 114.6 114.6 0 256 0C397.4 0 512 114.6 512 256C512 397.4 397.4 512 256 512C114.6 512 0 397.4 0 256zM371.8 211.8C382.7 200.9 382.7 183.1 371.8 172.2C360.9 161.3 343.1 161.3 332.2 172.2L224 280.4L179.8 236.2C168.9 225.3 151.1 225.3 140.2 236.2C129.3 247.1 129.3 264.9 140.2 275.8L204.2 339.8C215.1 350.7 232.9 350.7 243.8 339.8L371.8 211.8z\"><\/path><\/svg><\/div><div class=\"uagb-ifb-title-wrap\"><h3 class=\"uagb-ifb-title\">En Jeu<br> <mark style=\"background-color:rgba(0, 0, 0, 0);color:#51ed26\" class=\"has-inline-color\">Cr\u00e8che I Luparelli<\/mark><\/h3><\/div><p class=\"uagb-ifb-desc\">La cr\u00e8che <em><strong>d&rsquo;une capacit\u00e9 de 50 berceaux<\/strong><\/em> accueille vos enfants du lundi au vendredi de 06h30 \u00e0 18h30, toute l&rsquo;ann\u00e9e hors week-end et jours f\u00e9ri\u00e9s (pas de fermeture annuelle).<\/p><\/div><\/div>\n<\/div>\n<\/div><\/div>\n\n\n\n<p class=\"has-text-align-center\"><strong>Toutes nos \u00e9quipes sont pluridisciplinaires et compos\u00e9es de personnels qualifi\u00e9s et\/ou dipl\u00f4m\u00e9s (C.AP.AEPE &#8211; Auxiliaire de pu\u00e9riculture &#8211; IDE &#8211; EJE&#8230;) et b\u00e9n\u00e9ficient des agr\u00e9ments r\u00e9pondant aux normes de la PMI (Haute Corse et Corse du sud).<\/strong><\/p>\n\n\n\n<p class=\"has-text-align-center\"><strong>Pour tout renseignement suppl\u00e9mentaire, merci de nous contacter.<\/strong><\/p>\n\n\n\n<p><\/p>\n","protected":false},"excerpt":{"rendered":"<p>Toutes nos \u00e9quipes sont pluridisciplinaires et compos\u00e9es de personnels qualifi\u00e9s et\/ou dipl\u00f4m\u00e9s (C.AP.AEPE &#8211; Auxiliaire de pu\u00e9riculture &#8211; IDE &#8211; EJE&#8230;) et b\u00e9n\u00e9ficient des agr\u00e9ments r\u00e9pondant aux normes de la PMI (Haute Corse et Corse du sud). Pour tout renseignement suppl\u00e9mentaire, merci de nous contacter.<\/p>\n","protected":false},"author":1,"featured_media":0,"parent":0,"menu_order":0,"comment_status":"closed","ping_status":"closed","template":"","meta":{"_uag_custom_page_level_css":"","_swt_meta_header_display":false,"_swt_meta_footer_display":false,"_swt_meta_site_title_display":true,"_swt_meta_sticky_header":false,"_swt_meta_transparent_header":false,"footnotes":""},"class_list":["post-38","page","type-page","status-publish","hentry"],"uagb_featured_image_src":{"full":false,"thumbnail":false,"medium":false,"medium_large":false,"large":false,"1536x1536":false,"2048x2048":false},"uagb_author_info":{"display_name":"edouardporet","author_link":"https:\/\/www.solidr.fr\/index.php\/author\/edouardporet\/"},"uagb_comment_info":0,"uagb_excerpt":"Toutes nos \u00e9quipes sont pluridisciplinaires et compos\u00e9es de personnels qualifi\u00e9s et\/ou dipl\u00f4m\u00e9s (C.AP.AEPE &#8211; Auxiliaire de pu\u00e9riculture &#8211; IDE &#8211; EJE&#8230;) et b\u00e9n\u00e9ficient des agr\u00e9ments r\u00e9pondant aux normes de la PMI (Haute Corse et Corse du sud). Pour tout renseignement suppl\u00e9mentaire, merci de nous contacter.","_links":{"self":[{"href":"https:\/\/www.solidr.fr\/index.php\/wp-json\/wp\/v2\/pages\/38","targetHints":{"allow":["GET"]}}],"collection":[{"href":"https:\/\/www.solidr.fr\/index.php\/wp-json\/wp\/v2\/pages"}],"about":[{"href":"https:\/\/www.solidr.fr\/index.php\/wp-json\/wp\/v2\/types\/page"}],"author":[{"embeddable":true,"href":"https:\/\/www.solidr.fr\/index.php\/wp-json\/wp\/v2\/users\/1"}],"replies":[{"embeddable":true,"href":"https:\/\/www.solidr.fr\/index.php\/wp-json\/wp\/v2\/comments?post=38"}],"version-history":[{"count":68,"href":"https:\/\/www.solidr.fr\/index.php\/wp-json\/wp\/v2\/pages\/38\/revisions"}],"predecessor-version":[{"id":554,"href":"https:\/\/www.solidr.fr\/index.php\/wp-json\/wp\/v2\/pages\/38\/revisions\/554"}],"wp:attachment":[{"href":"https:\/\/www.solidr.fr\/index.php\/wp-json\/wp\/v2\/media?parent=38"}],"curies":[{"name":"wp","href":"https:\/\/api.w.org\/{rel}","templated":true}]}}